{"id":9958,"date":"2019-11-24T21:10:31","date_gmt":"2019-11-24T20:10:31","guid":{"rendered":"https:\/\/www.cucinadelsole.nl\/?post_type=product&#038;p=9958"},"modified":"2020-02-14T22:07:30","modified_gmt":"2020-02-14T21:07:30","slug":"valentine-date-night-cooking-with-italian-wine-14-february-2020","status":"publish","type":"product","link":"https:\/\/www.cucinadelsole.nl\/nl\/webshop\/valentine-date-night-cooking-with-italian-wine-14-february-2020\/","title":{"rendered":"Valentine&#8217;s Date Night: koken met Italiaanse wijn 14 februari 2020"},"content":{"rendered":"<p><img loading=\"lazy\" class=\"alignleft wp-image-9940 size-medium\" src=\"https:\/\/www.cucinadelsole.nl\/wp-content\/uploads\/2019\/11\/feudi-bizantini-passofino-pecorino-102x300.png\" alt=\"\" width=\"102\" height=\"300\" srcset=\"https:\/\/www.cucinadelsole.nl\/wp-content\/uploads\/2019\/11\/feudi-bizantini-passofino-pecorino-102x300.png 102w, https:\/\/www.cucinadelsole.nl\/wp-content\/uploads\/2019\/11\/feudi-bizantini-passofino-pecorino.png 239w\" sizes=\"(max-width: 102px) 100vw, 102px\" \/><\/p>\n<p><strong>DEZE WORKSHOP KAN ALLEEN VOOR 2 PP TEGELIJK WORDEN GEBOEKT (178,00 euro for 2 pp)<\/strong><\/p>\n<p>Ben je dol op Italiaans eten en wijn en wil je je geliefde verrassen met een smakelijke date op Valentijnsdag?<br \/>\nKom met ons koken op deze &#8220;wijnachtige&#8221; date night!<\/p>\n<p>We zullen een aantal prachtige gerechten bereiden die bedacht zijn om liefdevolle gevoelens op te wekken, allemaal gemaakt met Italiaanse wijn! We zullen dan alles aan onze tafel proeven met een glas (of meer) van onze heerlijke Italiaanse wijnen.<\/p>\n<p>We beginnen met een glas Italiaanse bubbels en kleine hapjes om vervolgens door te gaan met de gerechten van onze Valentijnsavond:<\/p>\n<p><strong>Bruschette con Taleggio e funghi trifolati al vino rosso<\/strong> (bruschette met Taleggio-kaas en champignons gebakken in knoflook, verse kruiden en rode wijn)<\/p>\n<p><strong>Risotto ai due Pecorini con timo e verdure invernali<\/strong> (risotto met 2 verschillende soorten Pecorino, \u00e9\u00e9n is een kaas en de andere een wijn uit Midden-Itali\u00eb! Met tijm en heerlijke wintergroenten)<\/p>\n<p><strong>Ravioli di pesce e gamberi con salsa al burro e vino bianco<\/strong> (ravioli met een vulling van vis en g<\/p>\n<p>arnalen geserveerd met een delicate room- en witte wijnsaus)<\/p>\n<p><strong>Fagiolini e carote al vino rosso<\/strong> (sperziebonen en worteltjes met een saus van boter, rode wijn en sjalotten)<\/p>\n<p><strong>Torta al cioccolato e Marsala<\/strong> (een rijke chocoladetaart gemaakt met Marsala-likeurwijn, geserveerd met slagroom en bessen)<\/p>\n<p><strong>Panna cotta con gelatina al vino rosso<\/strong> (een prachtige panna cotta met een weelderige rode wijngelei).<br \/>\nDe desserts worden vergezeld door een glas <strong>zoete Marsala<\/strong>.<\/p>\n<p>Wil je met ons mee koken op een avond vol liefde en eten?<br \/>\nBoek hier!<\/p>\n<p><strong>Datum<\/strong>: Vrijdag 14 februari 2020<br \/>\n<strong>Tijd:<\/strong> 18.00-22.00 u.<\/p>\n<p><strong>Prijs:<\/strong> \u20ac 89,00 p.p. all-in<\/p>\n<p><strong> Voor meer info over deze workshop <a href=\"https:\/\/www.cucinadelsole.nl\/nl\/webshop\/valentine-date-night-cooking-with-italian-wine-14-february-2020\/\" target=\"_blank\" rel=\"noopener noreferrer\">klik hier<\/a>.<\/strong><\/p>\n","protected":false},"excerpt":{"rendered":"<p><strong>DEZE WORKSHOP KAN ALLEEN VOOR 2 PP TEGELIJK WORDEN GEBOEKT (178,00 euro for 2 pp)<\/strong><\/p>\n<p>Ben je dol op Italiaans eten en wijn en wil je je geliefde verrassen met een smakelijke date op Valentijnsdag?<br \/>\nKom met ons koken op deze &#8220;wijnachtige&#8221; date night!<\/p>\n<p>We zullen een aantal prachtige gerechten bereiden die bedacht zijn om liefdevolle gevoelens op te wekken, allemaal gemaakt met Italiaanse wijn! We zullen dan alles aan onze tafel proeven met een glas (of meer) van onze heerlijke Italiaanse wijnen.<\/p>\n<p>We beginnen met een glas Italiaanse bubbels en kleine hapjes om vervolgens door te gaan met de gerechten van onze Valentijnsavond:<\/p>\n<p><strong>Bruschette con Taleggio e funghi trifolati al vino rosso<\/strong> (bruschette met Taleggio-kaas en champignons gebakken in knoflook, verse kruiden en rode wijn)<\/p>\n<p><strong>Risotto ai due Pecorini con timo e verdure invernali<\/strong> (risotto met 2 verschillende soorten Pecorino, \u00e9\u00e9n is een kaas en de andere een wijn uit Midden-Itali\u00eb! Met tijm en heerlijke wintergroenten)<\/p>\n<p><strong>Ravioli di pesce e gamberi con salsa al burro e vino bianco<\/strong> (ravioli met een vulling van vis en g<\/p>\n<p>arnalen geserveerd met een delicate room- en witte wijnsaus)<\/p>\n<p><strong>Fagiolini e carote al vino rosso<\/strong> (sperziebonen en worteltjes met een saus van boter, rode wijn en sjalotten)<\/p>\n<p><strong>Torta al cioccolato e Marsala<\/strong> (een rijke chocoladetaart gemaakt met Marsala-likeurwijn, geserveerd met slagroom en bessen)<\/p>\n<p><strong>Panna cotta con gelatina al vino rosso<\/strong> (een prachtige panna cotta met een weelderige rode wijngelei).<br \/>\nDe desserts worden vergezeld door een glas <strong>zoete Marsala<\/strong>.<\/p>\n<p>Wil je met ons mee koken op een avond vol liefde en eten?<br \/>\nBoek hier!<\/p>\n<p><strong>Datum<\/strong>: Vrijdag 14 februari 2020<\/p>\n<p><strong>Tijd:<\/strong> 18.00-22.00 u.<\/p>\n<p><strong>Prijs:<\/strong> \u20ac 89,00 p.p. all-in<\/p>\n<p>Voor meer info over deze workshop <a href=\"https:\/\/www.cucinadelsole.nl\/nl\/webshop\/valentine-date-night-cooking-with-italian-wine-14-february-2020\/\" target=\"_blank\" rel=\"noopener noreferrer\"><span style=\"text-decoration: underline;\"><strong>klik hier<\/strong><\/span><\/a>.<\/p>\n","protected":false},"featured_media":3856,"comment_status":"closed","ping_status":"closed","template":"","meta":[],"product_cat":[878,256,258],"product_tag":[743,745,879,647,662,880],"yoast_head":"<!-- This site is optimized with the Yoast SEO plugin v19.7.2 - https:\/\/yoast.com\/wordpress\/plugins\/seo\/ -->\n<title>Valentine&#039;s Date Night: koken met Italiaanse wijn 14 februari 2020 - La Cucina del Sole<\/title>\n<meta name=\"description\" content=\"Ben je dol op Italiaans eten en wijn en wil je je geliefde verrassen met een smakelijke date op Valentijnsdag? Kom met ons koken op deze &quot;wijnachtige&quot; date night!We zullen een aantal prachtige gerechten bereiden die bedacht zijn om liefdevolle gevoelens op te wekken, allemaal gemaakt met Italiaanse wijn! We zullen dan alles aan onze tafel proeven met een glas (of meer) van onze heerlijke Italiaanse wijnen. We beginnen met een glas Italiaanse bubbels en kleine hapjes om vervolgens door te gaan met de gerechten van onze Valentijnsavond: Bruschette con Taleggio e funghi trifolati al vino rosso (bruschette met Taleggio-kaas en champignons gebakken in knoflook, verse kruiden en rode wijn)...\" \/>\n<meta name=\"robots\" content=\"index, follow, max-snippet:-1, max-image-preview:large, max-video-preview:-1\" \/>\n<link rel=\"canonical\" href=\"https:\/\/www.cucinadelsole.nl\/nl\/webshop\/valentine-date-night-cooking-with-italian-wine-14-february-2020\/\" \/>\n<meta property=\"og:locale\" content=\"nl_NL\" \/>\n<meta property=\"og:type\" content=\"article\" \/>\n<meta property=\"og:title\" content=\"Valentine&#039;s Date Night: koken met Italiaanse wijn 14 februari 2020 - La Cucina del Sole\" \/>\n<meta property=\"og:description\" content=\"Ben je dol op Italiaans eten en wijn en wil je je geliefde verrassen met een smakelijke date op Valentijnsdag? Kom met ons koken op deze &quot;wijnachtige&quot; date night!We zullen een aantal prachtige gerechten bereiden die bedacht zijn om liefdevolle gevoelens op te wekken, allemaal gemaakt met Italiaanse wijn! We zullen dan alles aan onze tafel proeven met een glas (of meer) van onze heerlijke Italiaanse wijnen. We beginnen met een glas Italiaanse bubbels en kleine hapjes om vervolgens door te gaan met de gerechten van onze Valentijnsavond: Bruschette con Taleggio e funghi trifolati al vino rosso (bruschette met Taleggio-kaas en champignons gebakken in knoflook, verse kruiden en rode wijn)...\" \/>\n<meta property=\"og:url\" content=\"https:\/\/www.cucinadelsole.nl\/nl\/webshop\/valentine-date-night-cooking-with-italian-wine-14-february-2020\/\" \/>\n<meta property=\"og:site_name\" content=\"La Cucina del Sole\" \/>\n<meta property=\"article:publisher\" content=\"https:\/\/www.facebook.com\/lacucinadelsole\/\" \/>\n<meta property=\"article:modified_time\" content=\"2020-02-14T21:07:30+00:00\" \/>\n<meta property=\"og:image\" content=\"https:\/\/www.cucinadelsole.nl\/wp-content\/uploads\/2016\/02\/Nicoletta_DSC_6188.jpg\" \/>\n\t<meta property=\"og:image:width\" content=\"1925\" \/>\n\t<meta property=\"og:image:height\" content=\"1285\" \/>\n\t<meta property=\"og:image:type\" content=\"image\/jpeg\" \/>\n<meta name=\"twitter:card\" content=\"summary\" \/>\n<meta name=\"twitter:site\" content=\"@LaCucinaDelSole\" \/>\n<meta name=\"twitter:label1\" content=\"Geschatte leestijd\" \/>\n\t<meta name=\"twitter:data1\" content=\"1 minuut\" \/>\n<script type=\"application\/ld+json\" class=\"yoast-schema-graph\">{\"@context\":\"https:\/\/schema.org\",\"@graph\":[{\"@type\":\"WebPage\",\"@id\":\"https:\/\/www.cucinadelsole.nl\/nl\/webshop\/valentine-date-night-cooking-with-italian-wine-14-february-2020\/\",\"url\":\"https:\/\/www.cucinadelsole.nl\/nl\/webshop\/valentine-date-night-cooking-with-italian-wine-14-february-2020\/\",\"name\":\"Valentine's Date Night: koken met Italiaanse wijn 14 februari 2020 - La Cucina del Sole\",\"isPartOf\":{\"@id\":\"https:\/\/www.cucinadelsole.nl\/nl\/#website\"},\"datePublished\":\"2019-11-24T20:10:31+00:00\",\"dateModified\":\"2020-02-14T21:07:30+00:00\",\"description\":\"Ben je dol op Italiaans eten en wijn en wil je je geliefde verrassen met een smakelijke date op Valentijnsdag? Kom met ons koken op deze \\\"wijnachtige\\\" date night!We zullen een aantal prachtige gerechten bereiden die bedacht zijn om liefdevolle gevoelens op te wekken, allemaal gemaakt met Italiaanse wijn! We zullen dan alles aan onze tafel proeven met een glas (of meer) van onze heerlijke Italiaanse wijnen. We beginnen met een glas Italiaanse bubbels en kleine hapjes om vervolgens door te gaan met de gerechten van onze Valentijnsavond: Bruschette con Taleggio e funghi trifolati al vino rosso (bruschette met Taleggio-kaas en champignons gebakken in knoflook, verse kruiden en rode wijn)...\",\"breadcrumb\":{\"@id\":\"https:\/\/www.cucinadelsole.nl\/nl\/webshop\/valentine-date-night-cooking-with-italian-wine-14-february-2020\/#breadcrumb\"},\"inLanguage\":\"nl\",\"potentialAction\":[{\"@type\":\"ReadAction\",\"target\":[\"https:\/\/www.cucinadelsole.nl\/nl\/webshop\/valentine-date-night-cooking-with-italian-wine-14-february-2020\/\"]}]},{\"@type\":\"BreadcrumbList\",\"@id\":\"https:\/\/www.cucinadelsole.nl\/nl\/webshop\/valentine-date-night-cooking-with-italian-wine-14-february-2020\/#breadcrumb\",\"itemListElement\":[{\"@type\":\"ListItem\",\"position\":1,\"name\":\"Home\",\"item\":\"https:\/\/www.cucinadelsole.nl\/nl\/\"},{\"@type\":\"ListItem\",\"position\":2,\"name\":\"Webshop\",\"item\":\"https:\/\/www.cucinadelsole.nl\/nl\/winkel\/\"},{\"@type\":\"ListItem\",\"position\":3,\"name\":\"Valentine&#8217;s Date Night: koken met Italiaanse wijn 14 februari 2020\"}]},{\"@type\":\"WebSite\",\"@id\":\"https:\/\/www.cucinadelsole.nl\/nl\/#website\",\"url\":\"https:\/\/www.cucinadelsole.nl\/nl\/\",\"name\":\"La Cucina del Sole\",\"description\":\"Italiaanse kookschool\/Italian cooking school in Amsterdam\",\"publisher\":{\"@id\":\"https:\/\/www.cucinadelsole.nl\/nl\/#organization\"},\"potentialAction\":[{\"@type\":\"SearchAction\",\"target\":{\"@type\":\"EntryPoint\",\"urlTemplate\":\"https:\/\/www.cucinadelsole.nl\/nl\/?s={search_term_string}\"},\"query-input\":\"required name=search_term_string\"}],\"inLanguage\":\"nl\"},{\"@type\":\"Organization\",\"@id\":\"https:\/\/www.cucinadelsole.nl\/nl\/#organization\",\"name\":\"La Cucina del Sole\",\"url\":\"https:\/\/www.cucinadelsole.nl\/nl\/\",\"sameAs\":[\"http:\/\/nicolettacooks\",\"https:\/\/www.linkedin.com\/in\/nicolettatavella\/\",\"https:\/\/nl.pinterest.com\/lacucinadelsole\/\",\"https:\/\/www.google.com\/url?sa=t&amp;amp;amp;rct=j&amp;amp;amp;q&amp;amp;amp;esrc=s&amp;amp;amp;source=web&amp;amp;amp;cd=11&amp;amp;amp;cad=rja&amp;amp;amp;uact=8&amp;amp;amp;ved=2ahUKEwig9Jqenf3iAhWQh1wKHT4tCzAQFjAKegQIAhAB&amp;amp;amp;url=https:\/\/www.youtube.com\/user\/NicolettaTavella&amp;amp;amp;usg=AOvVaw3Q0pX7Y6WAzDVx4OISYpKH\",\"https:\/\/www.facebook.com\/lacucinadelsole\/\",\"https:\/\/twitter.com\/LaCucinaDelSole\"],\"logo\":{\"@type\":\"ImageObject\",\"inLanguage\":\"nl\",\"@id\":\"https:\/\/www.cucinadelsole.nl\/nl\/#\/schema\/logo\/image\/\",\"url\":\"https:\/\/www.cucinadelsole.nl\/wp-content\/uploads\/2016\/05\/LOGO-simple-Transparent-JPG-217x300-1.png\",\"contentUrl\":\"https:\/\/www.cucinadelsole.nl\/wp-content\/uploads\/2016\/05\/LOGO-simple-Transparent-JPG-217x300-1.png\",\"width\":217,\"height\":300,\"caption\":\"La Cucina del Sole\"},\"image\":{\"@id\":\"https:\/\/www.cucinadelsole.nl\/nl\/#\/schema\/logo\/image\/\"}}]}<\/script>\n<!-- \/ Yoast SEO plugin. -->","yoast_head_json":{"title":"Valentine's Date Night: koken met Italiaanse wijn 14 februari 2020 - La Cucina del Sole","description":"Ben je dol op Italiaans eten en wijn en wil je je geliefde verrassen met een smakelijke date op Valentijnsdag? Kom met ons koken op deze \"wijnachtige\" date night!We zullen een aantal prachtige gerechten bereiden die bedacht zijn om liefdevolle gevoelens op te wekken, allemaal gemaakt met Italiaanse wijn! We zullen dan alles aan onze tafel proeven met een glas (of meer) van onze heerlijke Italiaanse wijnen. We beginnen met een glas Italiaanse bubbels en kleine hapjes om vervolgens door te gaan met de gerechten van onze Valentijnsavond: Bruschette con Taleggio e funghi trifolati al vino rosso (bruschette met Taleggio-kaas en champignons gebakken in knoflook, verse kruiden en rode wijn)...","robots":{"index":"index","follow":"follow","max-snippet":"max-snippet:-1","max-image-preview":"max-image-preview:large","max-video-preview":"max-video-preview:-1"},"canonical":"https:\/\/www.cucinadelsole.nl\/nl\/webshop\/valentine-date-night-cooking-with-italian-wine-14-february-2020\/","og_locale":"nl_NL","og_type":"article","og_title":"Valentine's Date Night: koken met Italiaanse wijn 14 februari 2020 - La Cucina del Sole","og_description":"Ben je dol op Italiaans eten en wijn en wil je je geliefde verrassen met een smakelijke date op Valentijnsdag? Kom met ons koken op deze \"wijnachtige\" date night!We zullen een aantal prachtige gerechten bereiden die bedacht zijn om liefdevolle gevoelens op te wekken, allemaal gemaakt met Italiaanse wijn! We zullen dan alles aan onze tafel proeven met een glas (of meer) van onze heerlijke Italiaanse wijnen. We beginnen met een glas Italiaanse bubbels en kleine hapjes om vervolgens door te gaan met de gerechten van onze Valentijnsavond: Bruschette con Taleggio e funghi trifolati al vino rosso (bruschette met Taleggio-kaas en champignons gebakken in knoflook, verse kruiden en rode wijn)...","og_url":"https:\/\/www.cucinadelsole.nl\/nl\/webshop\/valentine-date-night-cooking-with-italian-wine-14-february-2020\/","og_site_name":"La Cucina del Sole","article_publisher":"https:\/\/www.facebook.com\/lacucinadelsole\/","article_modified_time":"2020-02-14T21:07:30+00:00","og_image":[{"width":1925,"height":1285,"url":"https:\/\/www.cucinadelsole.nl\/wp-content\/uploads\/2016\/02\/Nicoletta_DSC_6188.jpg","type":"image\/jpeg"}],"twitter_card":"summary","twitter_site":"@LaCucinaDelSole","twitter_misc":{"Geschatte leestijd":"1 minuut"},"schema":{"@context":"https:\/\/schema.org","@graph":[{"@type":"WebPage","@id":"https:\/\/www.cucinadelsole.nl\/nl\/webshop\/valentine-date-night-cooking-with-italian-wine-14-february-2020\/","url":"https:\/\/www.cucinadelsole.nl\/nl\/webshop\/valentine-date-night-cooking-with-italian-wine-14-february-2020\/","name":"Valentine's Date Night: koken met Italiaanse wijn 14 februari 2020 - La Cucina del Sole","isPartOf":{"@id":"https:\/\/www.cucinadelsole.nl\/nl\/#website"},"datePublished":"2019-11-24T20:10:31+00:00","dateModified":"2020-02-14T21:07:30+00:00","description":"Ben je dol op Italiaans eten en wijn en wil je je geliefde verrassen met een smakelijke date op Valentijnsdag? Kom met ons koken op deze \"wijnachtige\" date night!We zullen een aantal prachtige gerechten bereiden die bedacht zijn om liefdevolle gevoelens op te wekken, allemaal gemaakt met Italiaanse wijn! We zullen dan alles aan onze tafel proeven met een glas (of meer) van onze heerlijke Italiaanse wijnen. We beginnen met een glas Italiaanse bubbels en kleine hapjes om vervolgens door te gaan met de gerechten van onze Valentijnsavond: Bruschette con Taleggio e funghi trifolati al vino rosso (bruschette met Taleggio-kaas en champignons gebakken in knoflook, verse kruiden en rode wijn)...","breadcrumb":{"@id":"https:\/\/www.cucinadelsole.nl\/nl\/webshop\/valentine-date-night-cooking-with-italian-wine-14-february-2020\/#breadcrumb"},"inLanguage":"nl","potentialAction":[{"@type":"ReadAction","target":["https:\/\/www.cucinadelsole.nl\/nl\/webshop\/valentine-date-night-cooking-with-italian-wine-14-february-2020\/"]}]},{"@type":"BreadcrumbList","@id":"https:\/\/www.cucinadelsole.nl\/nl\/webshop\/valentine-date-night-cooking-with-italian-wine-14-february-2020\/#breadcrumb","itemListElement":[{"@type":"ListItem","position":1,"name":"Home","item":"https:\/\/www.cucinadelsole.nl\/nl\/"},{"@type":"ListItem","position":2,"name":"Webshop","item":"https:\/\/www.cucinadelsole.nl\/nl\/winkel\/"},{"@type":"ListItem","position":3,"name":"Valentine&#8217;s Date Night: koken met Italiaanse wijn 14 februari 2020"}]},{"@type":"WebSite","@id":"https:\/\/www.cucinadelsole.nl\/nl\/#website","url":"https:\/\/www.cucinadelsole.nl\/nl\/","name":"La Cucina del Sole","description":"Italiaanse kookschool\/Italian cooking school in Amsterdam","publisher":{"@id":"https:\/\/www.cucinadelsole.nl\/nl\/#organization"},"potentialAction":[{"@type":"SearchAction","target":{"@type":"EntryPoint","urlTemplate":"https:\/\/www.cucinadelsole.nl\/nl\/?s={search_term_string}"},"query-input":"required name=search_term_string"}],"inLanguage":"nl"},{"@type":"Organization","@id":"https:\/\/www.cucinadelsole.nl\/nl\/#organization","name":"La Cucina del Sole","url":"https:\/\/www.cucinadelsole.nl\/nl\/","sameAs":["http:\/\/nicolettacooks","https:\/\/www.linkedin.com\/in\/nicolettatavella\/","https:\/\/nl.pinterest.com\/lacucinadelsole\/","https:\/\/www.google.com\/url?sa=t&amp;amp;amp;rct=j&amp;amp;amp;q&amp;amp;amp;esrc=s&amp;amp;amp;source=web&amp;amp;amp;cd=11&amp;amp;amp;cad=rja&amp;amp;amp;uact=8&amp;amp;amp;ved=2ahUKEwig9Jqenf3iAhWQh1wKHT4tCzAQFjAKegQIAhAB&amp;amp;amp;url=https:\/\/www.youtube.com\/user\/NicolettaTavella&amp;amp;amp;usg=AOvVaw3Q0pX7Y6WAzDVx4OISYpKH","https:\/\/www.facebook.com\/lacucinadelsole\/","https:\/\/twitter.com\/LaCucinaDelSole"],"logo":{"@type":"ImageObject","inLanguage":"nl","@id":"https:\/\/www.cucinadelsole.nl\/nl\/#\/schema\/logo\/image\/","url":"https:\/\/www.cucinadelsole.nl\/wp-content\/uploads\/2016\/05\/LOGO-simple-Transparent-JPG-217x300-1.png","contentUrl":"https:\/\/www.cucinadelsole.nl\/wp-content\/uploads\/2016\/05\/LOGO-simple-Transparent-JPG-217x300-1.png","width":217,"height":300,"caption":"La Cucina del Sole"},"image":{"@id":"https:\/\/www.cucinadelsole.nl\/nl\/#\/schema\/logo\/image\/"}}]}},"_links":{"self":[{"href":"https:\/\/www.cucinadelsole.nl\/nl\/wp-json\/wp\/v2\/product\/9958"}],"collection":[{"href":"https:\/\/www.cucinadelsole.nl\/nl\/wp-json\/wp\/v2\/product"}],"about":[{"href":"https:\/\/www.cucinadelsole.nl\/nl\/wp-json\/wp\/v2\/types\/product"}],"replies":[{"embeddable":true,"href":"https:\/\/www.cucinadelsole.nl\/nl\/wp-json\/wp\/v2\/comments?post=9958"}],"wp:featuredmedia":[{"embeddable":true,"href":"https:\/\/www.cucinadelsole.nl\/nl\/wp-json\/wp\/v2\/media\/3856"}],"wp:attachment":[{"href":"https:\/\/www.cucinadelsole.nl\/nl\/wp-json\/wp\/v2\/media?parent=9958"}],"wp:term":[{"taxonomy":"product_cat","embeddable":true,"href":"https:\/\/www.cucinadelsole.nl\/nl\/wp-json\/wp\/v2\/product_cat?post=9958"},{"taxonomy":"product_tag","embeddable":true,"href":"https:\/\/www.cucinadelsole.nl\/nl\/wp-json\/wp\/v2\/product_tag?post=9958"}],"curies":[{"name":"wp","href":"https:\/\/api.w.org\/{rel}","templated":true}]}}