{"id":9962,"date":"2019-11-24T21:23:04","date_gmt":"2019-11-24T20:23:04","guid":{"rendered":"https:\/\/www.cucinadelsole.nl\/valentines-date-night-cooking-with-italian-wine\/"},"modified":"2025-07-23T22:40:00","modified_gmt":"2025-07-23T20:40:00","slug":"valentines-date-night-cooking-with-italian-wine","status":"publish","type":"page","link":"https:\/\/www.cucinadelsole.nl\/nl\/valentines-date-night-cooking-with-italian-wine\/","title":{"rendered":"Valentine&#8217;s Date Night: koken met Italiaanse wijn"},"content":{"rendered":"<div id='av_section_1'  class='avia-section av-d3l0sy-9219fd2d4fa923f96f7f3cc2ec42d2b2 main_color avia-section-default avia-no-shadow  avia-builder-el-0  avia-builder-el-no-sibling  avia-bg-style-scroll container_wrap fullsize'  ><div class='container av-section-cont-open' ><main  role=\"main\" itemprop=\"mainContentOfPage\"  class='template-page content  av-content-full alpha units'><div class='post-entry post-entry-type-page post-entry-9962'><div class='entry-content-wrapper clearfix'>\n\n<style type=\"text\/css\" data-created_by=\"avia_inline_auto\" id=\"style-css-av-auspqa-19b47dc4787da4b8fbe0517cf3b1a52c\">\n.flex_column.av-auspqa-19b47dc4787da4b8fbe0517cf3b1a52c{\nborder-radius:0px 0px 0px 0px;\n-webkit-border-radius:0px 0px 0px 0px;\n-moz-border-radius:0px 0px 0px 0px;\n}\n<\/style>\n<div class='flex_column av-auspqa-19b47dc4787da4b8fbe0517cf3b1a52c av_two_third  avia-builder-el-1  el_before_av_one_third  avia-builder-el-first  first flex_column_div av-zero-column-padding '   ><p>\n<style type=\"text\/css\" data-created_by=\"avia_inline_auto\" id=\"style-css-av-39wwbu-b9a00d3230caaea66f141f39808c5c2d\">\n#top .av-special-heading.av-39wwbu-b9a00d3230caaea66f141f39808c5c2d{\npadding-bottom:10px;\n}\nbody .av-special-heading.av-39wwbu-b9a00d3230caaea66f141f39808c5c2d .av-special-heading-tag .heading-char{\nfont-size:25px;\n}\n.av-special-heading.av-39wwbu-b9a00d3230caaea66f141f39808c5c2d .av-subheading{\nfont-size:15px;\n}\n<\/style>\n<div  class='av-special-heading av-39wwbu-b9a00d3230caaea66f141f39808c5c2d av-special-heading-h1  avia-builder-el-2  el_before_av_textblock  avia-builder-el-first  av-linked-heading'><h1 class='av-special-heading-tag'  itemprop=\"headline\"  >Valentine\u2019s Date Night: koken met Italiaanse wijn<\/h1><div class=\"special-heading-border\"><div class=\"special-heading-inner-border\"><\/div><\/div><\/div><br \/>\n\n<style type=\"text\/css\" data-created_by=\"avia_inline_auto\" id=\"style-css-av-k3dfba6o-d9535221e8c2469bef7e87d09a5217cd\">\n#top .av_textblock_section.av-k3dfba6o-d9535221e8c2469bef7e87d09a5217cd .avia_textblock{\nfont-size:15px;\n}\n<\/style>\n<section  class='av_textblock_section av-k3dfba6o-d9535221e8c2469bef7e87d09a5217cd'  itemscope=\"itemscope\" itemtype=\"https:\/\/schema.org\/CreativeWork\" ><div class='avia_textblock'  itemprop=\"text\" ><p><img loading=\"lazy\" class=\"alignleft wp-image-9940 size-medium\" src=\"https:\/\/www.cucinadelsole.nl\/wp-content\/uploads\/2019\/11\/feudi-bizantini-passofino-pecorino-102x300.png\" alt=\"\" width=\"102\" height=\"300\" srcset=\"https:\/\/www.cucinadelsole.nl\/wp-content\/uploads\/2019\/11\/feudi-bizantini-passofino-pecorino-102x300.png 102w, https:\/\/www.cucinadelsole.nl\/wp-content\/uploads\/2019\/11\/feudi-bizantini-passofino-pecorino.png 239w\" sizes=\"(max-width: 102px) 100vw, 102px\" \/><\/p>\n<p>Ben je dol op Italiaans eten en wijn en wil je je geliefde verrassen met een smakelijke date op Valentijnsdag?<br \/>\nKom met ons koken op deze &#8220;boozy&#8221; date night!<\/p>\n<p>We zullen een aantal prachtige gerechten bereiden die bedacht zijn om liefdevolle gevoelens op te wekken, allemaal gemaakt met Italiaanse wijn. Kook een gerecht samen met je geliefde en deel het daarna met de rest, <em>spread the love! <\/em><br \/>\nWe zullen dan alles aan onze tafel proeven met een glas (of meer) van onze heerlijke Italiaanse wijnen.<\/p>\n<p>We beginnen met een glas Italiaanse bubbels en kleine hapjes om vervolgens door te gaan met de gerechten van onze Valentijnsavond:<\/p>\n<p><strong>Bruschette con Taleggio e funghi trifolati al vino rosso<\/strong>\u00a0(bruschette met Taleggio-kaas en champignons gebakken in knoflook, verse kruiden en rode wijn)<\/p>\n<p><strong>Risotto ai due Pecorini con timo e verdure\u00a0<\/strong>(risotto met 2 verschillende soorten Pecorino \u2013 \u00e9\u00e9n is een kaas en de andere een wijn uit Midden-Itali\u00eb \u2013 met tijm en heerlijke groenten)<\/p>\n<p><strong>Ravioli\u00a0<\/strong><strong>con ricotta, parmigiano ed erbe in salsa al burro e vino bianco<\/strong>\u00a0(ravioli met een vulling van ricotta, Parmezaan en verse kruiden, geserveerd met een delicate room- en witte wijnsaus)<\/p>\n<p><strong>Fagiolini e carote al vino rosso<\/strong>\u00a0(sperziebonen en worteltjes met een saus van boter, rode wijn en sjalotten)<\/p>\n<p><strong>Torta salata zucca e formaggio<\/strong> en hartige taart met pompoen en twee soorten kaas.<\/p>\n<p><strong>Torta al cioccolato e Marsala<\/strong>\u00a0(een rijke chocoladetaart gemaakt met Marsala-likeurwijn, geserveerd met slagroom en bessen)<\/p>\n<p><strong>Panna cotta con gelatina al vino rosso<\/strong>\u00a0(een prachtige panna cotta met een weelderige rode wijngelei).<\/p>\n<p>De desserts worden vergezeld met een glas <strong>zoete Marsala<\/strong>.<\/p>\n<p>Wil je met ons mee koken op een avond vol liefde en eten?<br \/>\n<strong>OM TE BOEKEN, klik op 14 februari in de kalender.<\/strong><\/p>\n<p style=\"text-align: justify;\"><strong>Date<\/strong>: zaterdag\u00a0<strong>14 februari<\/strong> 2026<strong><br \/>\n<\/strong><strong>Time:<\/strong> 18.30-22.30 h.<\/p>\n<p style=\"text-align: justify;\"><strong>Prijs:<\/strong> \u20ac 111,00 p.p. all-in (Prosecco met borrelhapjes bij aankomst, alle wijnen, Italiaans biersoorten &#038; non-alcoholische drankjes \u2013 Italiaans mineraal water, vruchtensap enz. \u2013 koffie\/thee, limoncello\/likeurtje, receptuur voor thuis, gebruik van schort, schoonmaken\/opruimen).<\/p>\n<p style=\"text-align: justify;\"><strong>DEZE WORKSHOP KAN ALLEEN VOOR 2 of 4 PP TEGELIJK WORDEN GEBOEKT (222,00 euro for 2 pp)<\/strong><\/p>\n<\/div><\/section><\/p><\/div>\n<style type=\"text\/css\" data-created_by=\"avia_inline_auto\" id=\"style-css-av-4txcwy-6951b5f70b66db7526eec05cf5dabded\">\n.flex_column.av-4txcwy-6951b5f70b66db7526eec05cf5dabded{\nborder-radius:0px 0px 0px 0px;\n-webkit-border-radius:0px 0px 0px 0px;\n-moz-border-radius:0px 0px 0px 0px;\n}\n<\/style>\n<div class='flex_column av-4txcwy-6951b5f70b66db7526eec05cf5dabded av_one_third  avia-builder-el-4  el_after_av_two_third  avia-builder-el-last  flex_column_div av-zero-column-padding '   ><\/div>\n","protected":false},"excerpt":{"rendered":"","protected":false},"author":71,"featured_media":0,"parent":0,"menu_order":0,"comment_status":"closed","ping_status":"closed","template":"","meta":[],"yoast_head":"<!-- This site is optimized with the Yoast SEO plugin v19.7.2 - https:\/\/yoast.com\/wordpress\/plugins\/seo\/ -->\n<title>Valentine&#039;s Date Night: koken met Italiaanse wijn - La Cucina del Sole<\/title>\n<meta name=\"description\" content=\"Ben je dol op Italiaans eten en wijn en wil je je geliefde verrassen met een smakelijke date op Valentijnsdag? Kom met ons koken op deze &quot;wijnachtige&quot; date night!We zullen een aantal prachtige gerechten bereiden die bedacht zijn om liefdevolle gevoelens op te wekken, allemaal gemaakt met Italiaanse wijn! We zullen dan alles aan onze tafel proeven met een glas (of meer) van onze heerlijke Italiaanse wijnen. We beginnen met een glas Italiaanse bubbels en kleine hapjes om vervolgens door te gaan met de gerechten van onze Valentijnsavond: Bruschette con Taleggio e funghi trifolati al vino rosso (bruschette met Taleggio-kaas en champignons gebakken in knoflook, verse kruiden en rode wijn)...\" \/>\n<meta name=\"robots\" content=\"index, follow, max-snippet:-1, max-image-preview:large, max-video-preview:-1\" \/>\n<link rel=\"canonical\" href=\"https:\/\/www.cucinadelsole.nl\/nl\/valentines-date-night-cooking-with-italian-wine\/\" \/>\n<meta property=\"og:locale\" content=\"nl_NL\" \/>\n<meta property=\"og:type\" content=\"article\" \/>\n<meta property=\"og:title\" content=\"Valentine&#039;s Date Night: koken met Italiaanse wijn - La Cucina del Sole\" \/>\n<meta property=\"og:description\" content=\"Ben je dol op Italiaans eten en wijn en wil je je geliefde verrassen met een smakelijke date op Valentijnsdag? Kom met ons koken op deze &quot;wijnachtige&quot; date night!We zullen een aantal prachtige gerechten bereiden die bedacht zijn om liefdevolle gevoelens op te wekken, allemaal gemaakt met Italiaanse wijn! We zullen dan alles aan onze tafel proeven met een glas (of meer) van onze heerlijke Italiaanse wijnen. We beginnen met een glas Italiaanse bubbels en kleine hapjes om vervolgens door te gaan met de gerechten van onze Valentijnsavond: Bruschette con Taleggio e funghi trifolati al vino rosso (bruschette met Taleggio-kaas en champignons gebakken in knoflook, verse kruiden en rode wijn)...\" \/>\n<meta property=\"og:url\" content=\"https:\/\/www.cucinadelsole.nl\/nl\/valentines-date-night-cooking-with-italian-wine\/\" \/>\n<meta property=\"og:site_name\" content=\"La Cucina del Sole\" \/>\n<meta property=\"article:publisher\" content=\"https:\/\/www.facebook.com\/lacucinadelsole\/\" \/>\n<meta property=\"article:modified_time\" content=\"2025-07-23T20:40:00+00:00\" \/>\n<meta property=\"og:image\" content=\"https:\/\/www.cucinadelsole.nl\/wp-content\/uploads\/2019\/11\/feudi-bizantini-passofino-pecorino-102x300.png\" \/>\n<meta name=\"twitter:card\" content=\"summary\" \/>\n<meta name=\"twitter:site\" content=\"@LaCucinaDelSole\" \/>\n<meta name=\"twitter:label1\" content=\"Geschatte leestijd\" \/>\n\t<meta name=\"twitter:data1\" content=\"3 minuten\" \/>\n<script type=\"application\/ld+json\" class=\"yoast-schema-graph\">{\"@context\":\"https:\/\/schema.org\",\"@graph\":[{\"@type\":\"WebPage\",\"@id\":\"https:\/\/www.cucinadelsole.nl\/nl\/valentines-date-night-cooking-with-italian-wine\/\",\"url\":\"https:\/\/www.cucinadelsole.nl\/nl\/valentines-date-night-cooking-with-italian-wine\/\",\"name\":\"Valentine's Date Night: koken met Italiaanse wijn - La Cucina del Sole\",\"isPartOf\":{\"@id\":\"https:\/\/www.cucinadelsole.nl\/nl\/#website\"},\"datePublished\":\"2019-11-24T20:23:04+00:00\",\"dateModified\":\"2025-07-23T20:40:00+00:00\",\"description\":\"Ben je dol op Italiaans eten en wijn en wil je je geliefde verrassen met een smakelijke date op Valentijnsdag? Kom met ons koken op deze \\\"wijnachtige\\\" date night!We zullen een aantal prachtige gerechten bereiden die bedacht zijn om liefdevolle gevoelens op te wekken, allemaal gemaakt met Italiaanse wijn! We zullen dan alles aan onze tafel proeven met een glas (of meer) van onze heerlijke Italiaanse wijnen. We beginnen met een glas Italiaanse bubbels en kleine hapjes om vervolgens door te gaan met de gerechten van onze Valentijnsavond: Bruschette con Taleggio e funghi trifolati al vino rosso (bruschette met Taleggio-kaas en champignons gebakken in knoflook, verse kruiden en rode wijn)...\",\"breadcrumb\":{\"@id\":\"https:\/\/www.cucinadelsole.nl\/nl\/valentines-date-night-cooking-with-italian-wine\/#breadcrumb\"},\"inLanguage\":\"nl\",\"potentialAction\":[{\"@type\":\"ReadAction\",\"target\":[\"https:\/\/www.cucinadelsole.nl\/nl\/valentines-date-night-cooking-with-italian-wine\/\"]}]},{\"@type\":\"BreadcrumbList\",\"@id\":\"https:\/\/www.cucinadelsole.nl\/nl\/valentines-date-night-cooking-with-italian-wine\/#breadcrumb\",\"itemListElement\":[{\"@type\":\"ListItem\",\"position\":1,\"name\":\"Home\",\"item\":\"https:\/\/www.cucinadelsole.nl\/nl\/\"},{\"@type\":\"ListItem\",\"position\":2,\"name\":\"Valentine&#8217;s Date Night: koken met Italiaanse wijn\"}]},{\"@type\":\"WebSite\",\"@id\":\"https:\/\/www.cucinadelsole.nl\/nl\/#website\",\"url\":\"https:\/\/www.cucinadelsole.nl\/nl\/\",\"name\":\"La Cucina del Sole\",\"description\":\"Italiaanse kookschool\/Italian cooking school in Amsterdam\",\"publisher\":{\"@id\":\"https:\/\/www.cucinadelsole.nl\/nl\/#organization\"},\"potentialAction\":[{\"@type\":\"SearchAction\",\"target\":{\"@type\":\"EntryPoint\",\"urlTemplate\":\"https:\/\/www.cucinadelsole.nl\/nl\/?s={search_term_string}\"},\"query-input\":\"required name=search_term_string\"}],\"inLanguage\":\"nl\"},{\"@type\":\"Organization\",\"@id\":\"https:\/\/www.cucinadelsole.nl\/nl\/#organization\",\"name\":\"La Cucina del Sole\",\"url\":\"https:\/\/www.cucinadelsole.nl\/nl\/\",\"sameAs\":[\"http:\/\/nicolettacooks\",\"https:\/\/www.linkedin.com\/in\/nicolettatavella\/\",\"https:\/\/nl.pinterest.com\/lacucinadelsole\/\",\"https:\/\/www.google.com\/url?sa=t&amp;amp;amp;rct=j&amp;amp;amp;q&amp;amp;amp;esrc=s&amp;amp;amp;source=web&amp;amp;amp;cd=11&amp;amp;amp;cad=rja&amp;amp;amp;uact=8&amp;amp;amp;ved=2ahUKEwig9Jqenf3iAhWQh1wKHT4tCzAQFjAKegQIAhAB&amp;amp;amp;url=https:\/\/www.youtube.com\/user\/NicolettaTavella&amp;amp;amp;usg=AOvVaw3Q0pX7Y6WAzDVx4OISYpKH\",\"https:\/\/www.facebook.com\/lacucinadelsole\/\",\"https:\/\/twitter.com\/LaCucinaDelSole\"],\"logo\":{\"@type\":\"ImageObject\",\"inLanguage\":\"nl\",\"@id\":\"https:\/\/www.cucinadelsole.nl\/nl\/#\/schema\/logo\/image\/\",\"url\":\"https:\/\/www.cucinadelsole.nl\/wp-content\/uploads\/2016\/05\/LOGO-simple-Transparent-JPG-217x300-1.png\",\"contentUrl\":\"https:\/\/www.cucinadelsole.nl\/wp-content\/uploads\/2016\/05\/LOGO-simple-Transparent-JPG-217x300-1.png\",\"width\":217,\"height\":300,\"caption\":\"La Cucina del Sole\"},\"image\":{\"@id\":\"https:\/\/www.cucinadelsole.nl\/nl\/#\/schema\/logo\/image\/\"}}]}<\/script>\n<!-- \/ Yoast SEO plugin. -->","yoast_head_json":{"title":"Valentine's Date Night: koken met Italiaanse wijn - La Cucina del Sole","description":"Ben je dol op Italiaans eten en wijn en wil je je geliefde verrassen met een smakelijke date op Valentijnsdag? Kom met ons koken op deze \"wijnachtige\" date night!We zullen een aantal prachtige gerechten bereiden die bedacht zijn om liefdevolle gevoelens op te wekken, allemaal gemaakt met Italiaanse wijn! We zullen dan alles aan onze tafel proeven met een glas (of meer) van onze heerlijke Italiaanse wijnen. We beginnen met een glas Italiaanse bubbels en kleine hapjes om vervolgens door te gaan met de gerechten van onze Valentijnsavond: Bruschette con Taleggio e funghi trifolati al vino rosso (bruschette met Taleggio-kaas en champignons gebakken in knoflook, verse kruiden en rode wijn)...","robots":{"index":"index","follow":"follow","max-snippet":"max-snippet:-1","max-image-preview":"max-image-preview:large","max-video-preview":"max-video-preview:-1"},"canonical":"https:\/\/www.cucinadelsole.nl\/nl\/valentines-date-night-cooking-with-italian-wine\/","og_locale":"nl_NL","og_type":"article","og_title":"Valentine's Date Night: koken met Italiaanse wijn - La Cucina del Sole","og_description":"Ben je dol op Italiaans eten en wijn en wil je je geliefde verrassen met een smakelijke date op Valentijnsdag? Kom met ons koken op deze \"wijnachtige\" date night!We zullen een aantal prachtige gerechten bereiden die bedacht zijn om liefdevolle gevoelens op te wekken, allemaal gemaakt met Italiaanse wijn! We zullen dan alles aan onze tafel proeven met een glas (of meer) van onze heerlijke Italiaanse wijnen. We beginnen met een glas Italiaanse bubbels en kleine hapjes om vervolgens door te gaan met de gerechten van onze Valentijnsavond: Bruschette con Taleggio e funghi trifolati al vino rosso (bruschette met Taleggio-kaas en champignons gebakken in knoflook, verse kruiden en rode wijn)...","og_url":"https:\/\/www.cucinadelsole.nl\/nl\/valentines-date-night-cooking-with-italian-wine\/","og_site_name":"La Cucina del Sole","article_publisher":"https:\/\/www.facebook.com\/lacucinadelsole\/","article_modified_time":"2025-07-23T20:40:00+00:00","og_image":[{"url":"https:\/\/www.cucinadelsole.nl\/wp-content\/uploads\/2019\/11\/feudi-bizantini-passofino-pecorino-102x300.png"}],"twitter_card":"summary","twitter_site":"@LaCucinaDelSole","twitter_misc":{"Geschatte leestijd":"3 minuten"},"schema":{"@context":"https:\/\/schema.org","@graph":[{"@type":"WebPage","@id":"https:\/\/www.cucinadelsole.nl\/nl\/valentines-date-night-cooking-with-italian-wine\/","url":"https:\/\/www.cucinadelsole.nl\/nl\/valentines-date-night-cooking-with-italian-wine\/","name":"Valentine's Date Night: koken met Italiaanse wijn - La Cucina del Sole","isPartOf":{"@id":"https:\/\/www.cucinadelsole.nl\/nl\/#website"},"datePublished":"2019-11-24T20:23:04+00:00","dateModified":"2025-07-23T20:40:00+00:00","description":"Ben je dol op Italiaans eten en wijn en wil je je geliefde verrassen met een smakelijke date op Valentijnsdag? Kom met ons koken op deze \"wijnachtige\" date night!We zullen een aantal prachtige gerechten bereiden die bedacht zijn om liefdevolle gevoelens op te wekken, allemaal gemaakt met Italiaanse wijn! We zullen dan alles aan onze tafel proeven met een glas (of meer) van onze heerlijke Italiaanse wijnen. We beginnen met een glas Italiaanse bubbels en kleine hapjes om vervolgens door te gaan met de gerechten van onze Valentijnsavond: Bruschette con Taleggio e funghi trifolati al vino rosso (bruschette met Taleggio-kaas en champignons gebakken in knoflook, verse kruiden en rode wijn)...","breadcrumb":{"@id":"https:\/\/www.cucinadelsole.nl\/nl\/valentines-date-night-cooking-with-italian-wine\/#breadcrumb"},"inLanguage":"nl","potentialAction":[{"@type":"ReadAction","target":["https:\/\/www.cucinadelsole.nl\/nl\/valentines-date-night-cooking-with-italian-wine\/"]}]},{"@type":"BreadcrumbList","@id":"https:\/\/www.cucinadelsole.nl\/nl\/valentines-date-night-cooking-with-italian-wine\/#breadcrumb","itemListElement":[{"@type":"ListItem","position":1,"name":"Home","item":"https:\/\/www.cucinadelsole.nl\/nl\/"},{"@type":"ListItem","position":2,"name":"Valentine&#8217;s Date Night: koken met Italiaanse wijn"}]},{"@type":"WebSite","@id":"https:\/\/www.cucinadelsole.nl\/nl\/#website","url":"https:\/\/www.cucinadelsole.nl\/nl\/","name":"La Cucina del Sole","description":"Italiaanse kookschool\/Italian cooking school in Amsterdam","publisher":{"@id":"https:\/\/www.cucinadelsole.nl\/nl\/#organization"},"potentialAction":[{"@type":"SearchAction","target":{"@type":"EntryPoint","urlTemplate":"https:\/\/www.cucinadelsole.nl\/nl\/?s={search_term_string}"},"query-input":"required name=search_term_string"}],"inLanguage":"nl"},{"@type":"Organization","@id":"https:\/\/www.cucinadelsole.nl\/nl\/#organization","name":"La Cucina del Sole","url":"https:\/\/www.cucinadelsole.nl\/nl\/","sameAs":["http:\/\/nicolettacooks","https:\/\/www.linkedin.com\/in\/nicolettatavella\/","https:\/\/nl.pinterest.com\/lacucinadelsole\/","https:\/\/www.google.com\/url?sa=t&amp;amp;amp;rct=j&amp;amp;amp;q&amp;amp;amp;esrc=s&amp;amp;amp;source=web&amp;amp;amp;cd=11&amp;amp;amp;cad=rja&amp;amp;amp;uact=8&amp;amp;amp;ved=2ahUKEwig9Jqenf3iAhWQh1wKHT4tCzAQFjAKegQIAhAB&amp;amp;amp;url=https:\/\/www.youtube.com\/user\/NicolettaTavella&amp;amp;amp;usg=AOvVaw3Q0pX7Y6WAzDVx4OISYpKH","https:\/\/www.facebook.com\/lacucinadelsole\/","https:\/\/twitter.com\/LaCucinaDelSole"],"logo":{"@type":"ImageObject","inLanguage":"nl","@id":"https:\/\/www.cucinadelsole.nl\/nl\/#\/schema\/logo\/image\/","url":"https:\/\/www.cucinadelsole.nl\/wp-content\/uploads\/2016\/05\/LOGO-simple-Transparent-JPG-217x300-1.png","contentUrl":"https:\/\/www.cucinadelsole.nl\/wp-content\/uploads\/2016\/05\/LOGO-simple-Transparent-JPG-217x300-1.png","width":217,"height":300,"caption":"La Cucina del Sole"},"image":{"@id":"https:\/\/www.cucinadelsole.nl\/nl\/#\/schema\/logo\/image\/"}}]}},"_links":{"self":[{"href":"https:\/\/www.cucinadelsole.nl\/nl\/wp-json\/wp\/v2\/pages\/9962"}],"collection":[{"href":"https:\/\/www.cucinadelsole.nl\/nl\/wp-json\/wp\/v2\/pages"}],"about":[{"href":"https:\/\/www.cucinadelsole.nl\/nl\/wp-json\/wp\/v2\/types\/page"}],"author":[{"embeddable":true,"href":"https:\/\/www.cucinadelsole.nl\/nl\/wp-json\/wp\/v2\/users\/71"}],"replies":[{"embeddable":true,"href":"https:\/\/www.cucinadelsole.nl\/nl\/wp-json\/wp\/v2\/comments?post=9962"}],"version-history":[{"count":50,"href":"https:\/\/www.cucinadelsole.nl\/nl\/wp-json\/wp\/v2\/pages\/9962\/revisions"}],"predecessor-version":[{"id":27567,"href":"https:\/\/www.cucinadelsole.nl\/nl\/wp-json\/wp\/v2\/pages\/9962\/revisions\/27567"}],"wp:attachment":[{"href":"https:\/\/www.cucinadelsole.nl\/nl\/wp-json\/wp\/v2\/media?parent=9962"}],"curies":[{"name":"wp","href":"https:\/\/api.w.org\/{rel}","templated":true}]}}