{"id":2032,"date":"2016-05-06T12:34:06","date_gmt":"2016-05-06T11:34:06","guid":{"rendered":"http:\/\/cucinadelsole.nl\/nl\/de-streekgebonden-italiaanse-keuken\/"},"modified":"2025-02-23T17:38:52","modified_gmt":"2025-02-23T16:38:52","slug":"de-streekgebonden-italiaanse-keuken","status":"publish","type":"page","link":"https:\/\/www.cucinadelsole.nl\/nl\/de-streekgebonden-italiaanse-keuken\/","title":{"rendered":"Kookcursus van 4 lessen De Streekgebonden Italiaanse Keuken"},"content":{"rendered":"\n<style type=\"text\/css\" data-created_by=\"avia_inline_auto\" id=\"style-css-av-2f21n4-520ec468ff2aae21539f70bb8f0cbe27\">\n#top .av-special-heading.av-2f21n4-520ec468ff2aae21539f70bb8f0cbe27{\npadding-bottom:15px;\n}\nbody .av-special-heading.av-2f21n4-520ec468ff2aae21539f70bb8f0cbe27 .av-special-heading-tag .heading-char{\nfont-size:25px;\n}\n.av-special-heading.av-2f21n4-520ec468ff2aae21539f70bb8f0cbe27 .av-subheading{\nfont-size:15px;\n}\n<\/style>\n<div  class='av-special-heading av-2f21n4-520ec468ff2aae21539f70bb8f0cbe27 av-special-heading-h1  avia-builder-el-0  el_before_av_one_third  avia-builder-el-first '><h1 class='av-special-heading-tag'  itemprop=\"headline\"  >De Streekgebonden Italiaanse Keuken<\/h1><div class=\"special-heading-border\"><div class=\"special-heading-inner-border\"><\/div><\/div><\/div>\n\n<style type=\"text\/css\" data-created_by=\"avia_inline_auto\" id=\"style-css-av-9r1uzk-aef60e660c4c31eb5c94157bf3f64f45\">\n.flex_column.av-9r1uzk-aef60e660c4c31eb5c94157bf3f64f45{\nborder-radius:0px 0px 0px 0px;\n-webkit-border-radius:0px 0px 0px 0px;\n-moz-border-radius:0px 0px 0px 0px;\n}\n<\/style>\n<div class='flex_column av-9r1uzk-aef60e660c4c31eb5c94157bf3f64f45 av_one_third  avia-builder-el-1  el_after_av_heading  el_before_av_two_third  first flex_column_div av-zero-column-padding '   ><p>\n<style type=\"text\/css\" data-created_by=\"avia_inline_auto\" id=\"style-css-av-7w4yb4-e1a89efbdaafd7f52bf5086cbe370411\">\n.avia-image-container.av-7w4yb4-e1a89efbdaafd7f52bf5086cbe370411 .av-image-caption-overlay-center{\ncolor:#ffffff;\n}\n<\/style>\n<div  class='avia-image-container av-7w4yb4-e1a89efbdaafd7f52bf5086cbe370411 av-styling- av-hover-grow avia-align-center  avia-builder-el-2  el_before_av_codeblock  avia-builder-el-first '  itemprop=\"image\" itemscope=\"itemscope\" itemtype=\"https:\/\/schema.org\/ImageObject\" ><div class=\"avia-image-container-inner\"><div class=\"avia-image-overlay-wrap\"><img class='wp-image-10644 avia-img-lazy-loading-not-10644 avia_image' src=\"https:\/\/www.cucinadelsole.nl\/wp-content\/uploads\/2019\/12\/canestrelli-SHOP-2-495x400.jpg\" alt='canestrelli' title='canestrelli SHOP 2'  height=\"400\" width=\"495\"  itemprop=\"thumbnailUrl\"  \/><\/div><\/div><\/div><br \/>\n<\/p><\/div>\n\n<style type=\"text\/css\" data-created_by=\"avia_inline_auto\" id=\"style-css-av-56ssm8-afc52cb76d59f283dba6232e0372a607\">\n.flex_column.av-56ssm8-afc52cb76d59f283dba6232e0372a607{\nborder-radius:0px 0px 0px 0px;\n-webkit-border-radius:0px 0px 0px 0px;\n-moz-border-radius:0px 0px 0px 0px;\n}\n<\/style>\n<div class='flex_column av-56ssm8-afc52cb76d59f283dba6232e0372a607 av_two_third  avia-builder-el-4  el_after_av_one_third  avia-builder-el-last  flex_column_div av-zero-column-padding '   ><style type=\"text\/css\" data-created_by=\"avia_inline_auto\" id=\"style-css-av-kw2moavr-fba390308f878aa5e4a24d45929475c2\">\n#top .av_textblock_section.av-kw2moavr-fba390308f878aa5e4a24d45929475c2 .avia_textblock{\nfont-size:15px;\n}\n<\/style>\n<section  class='av_textblock_section av-kw2moavr-fba390308f878aa5e4a24d45929475c2'  itemscope=\"itemscope\" itemtype=\"https:\/\/schema.org\/CreativeWork\" ><div class='avia_textblock'  itemprop=\"text\" ><h1 style=\"text-align: justify;\">Streekgebonden kookcursus <strong>op zaterdag 6, 13, 20 &amp; 27 september 2025 (4 lessen in totaal)<\/strong><\/h1>\n<p><strong><span style=\"color: #ff0000;\">OM DEZE CURSUS TE BOEKEN K<span style=\"text-decoration: underline;\">LIK AUB OP DE EERSTE DAG V.D CURSUS<\/span>\u00a0(<span style=\"text-decoration: underline;\">GROEN<\/span> IN DE KALENDER) EN DAN OP &#8220;INDIVIDUAL COURSE: THE REGIONAL ITALIAN CUISINE&#8221;.<\/span><\/strong><\/p>\n<p style=\"font-weight: 400;\">De groepsgrootte kan vari\u00ebren tussen 8 en 15 deelnemers.<\/p>\n<p><strong>DOORDEWEEKSE DAGEN: de lessen starten om 18.00 UUR en eindigen rond 22.00 uur<\/strong><\/p>\n<p><strong>ZATERDAG: de lessen starten om 10.30 en eindigen rond 14.30 uur<br \/>\n<\/strong><\/p>\n<p style=\"text-align: justify;\"><span style=\"color: #403c40;\">ALLE MENU&#8217;S KUNNEN 100% GESCHIKT WORDEN GEMAAKT VOOR VEGETARI\u00cbRS DOOR TWEE VERSIES VAN DE DESBETREFFENDE GERECHTEN TE BEREIDEN.<br \/>\n<\/span><\/p>\n<div class=\"jspPane\" style=\"text-align: justify;\">\n<div class=\"overtext\">\n<div class=\"jspPane\">\n<div class=\"overtext\">\n<p style=\"text-align: justify;\"><span style=\"color: #403c40;\">Iedere Italiaanse streek (we hebben er 20 in totaal) heeft zeer karakteristieke eetgewoontes, recepten en ingredi<span class=\"st\">\u00eb<\/span>nten. In onze culinaire reis door Itali\u00eb ontdekken we de keukens van de volgende <em>regioni<\/em>:<\/span><\/p>\n<p><strong>\u2013 Sicili\u00eb\u00a0<\/strong>met o.a.\u00a0heerlijke\u00a0<em><strong>involtini di melanzane con spaghettini<\/strong><\/em>, rolletjes van gegrilde aubergine gevuld met dunne spaghetti in een rijke tomaat- &amp; gezouten ricotta saus,\u00a0<strong><em>fuazza agli spinaci<\/em><\/strong>, een opgerolde focaccia gevuld met spinazie, olijven, knoflook en veel pecorino kaas;\u00a0<em><strong>pollo con peperonata siciliana<\/strong><\/em>\u00a0\u2013 kip in paprikasaus met groene olijven\u00a0<strong>ook in vegetarische\u00a0 versie<\/strong>. En dan\u00a0<em><strong>zucchine in salmoriglio\u00a0<\/strong><\/em>(gebakken courgettes met een groene saus van knoflook, citroen en verse kruiden) en de\u00a0<strong>insalata pantesca<\/strong>, een rijke salade uit het eiland Pantelleria, zijn de smakelijke bijgerechten,\u00a0<strong>Siciliaanse amandelkoekjes<\/strong>\u00a0en\u00a0<em><strong>olivette di Sant\u2019Agata<\/strong><\/em>\u00a0(kleine \u201colijven\u201d bereid met suiker en amandelmeel als desserts.<\/p>\n<p><strong>\u2013 Puglia\u00a0<\/strong>met\u00a0<strong>bruschette<\/strong>\u00a0met verse tomaat en\u00a0<em>burrata<\/em>,\u00a0<strong>gnocchi van brood en zwarte olijven<\/strong>\u00a0met gebakken garnalen \u2013 evt. ook in vegetarische versie \u2013 en een rijke tomatensaus met kappertjes en olijven, een\u00a0<strong>courgetteflan<\/strong>\u00a0met gezouten ricottakaas,\u00a0<strong>millefeuille van aubergine<\/strong>, pancetta en gerookte scamorza kaas,\u00a0<strong>gepofte paprika\u2019s<\/strong>\u00a0met knoflook en munt plus een delicate en lichtzoete\u00a0<strong>ricottapudding met amarene kersen<\/strong>.<\/p>\n<p><strong>\u2013 Liguri<\/strong><strong><span class=\"st\">\u00eb<\/span>\u00a0<\/strong>met o.a.\u00a0<strong>ravioli met paddenstoelen\u00a0<\/strong>in roomsaus,\u00a0<strong>gevulde kippendijen met citroen<\/strong>, de bekende\u00a0<strong>focaccia di Recco <\/strong>als vegetarisch hoofdgerecht, gevulde tomaten uit de oven, een oventaartje met aardappel en sperziebonen, een <strong>cr\u00e8me van mascarpone, kastanjes en chocola\u00a0<\/strong>en krokante\u00a0<strong>canestrelli koekjes<\/strong>.<\/p>\n<p>\u2013\u00a0<strong>Toscane\u00a0<\/strong>met\u00a0<strong>twee soorten crostini<\/strong>\u00a0(groene met een smaakvolle kruidenpesto en rode met een pittige tomaat- en bonencr\u00e8me) en dan<em>\u00a0crespelle alla fiorentina<\/em>\u00a0(dunne\u00a0<strong>cr\u00eapes gevuld met ricotta en spinazie<\/strong>\u00a0in tomatensaus). De bijgerechten\u00a0zijn\u00a0<em><strong>panzanella<\/strong><\/em>, een rijke salade met veel knapperige groenten, en\u00a0<strong>venkel en rode uien met olijven<\/strong>\u00a0<strong>gestoofd in witte wijn<\/strong>. De desserts: twee van de meest bekende zoete traktaties uit de streek, de\u00a0<strong>cantuccini<\/strong>\u00a0(krokante koekjes uit Prato) en de<strong>\u00a0ricciarelli<\/strong>\u00a0(zachte en zoete amandelkoekjes uit Siena). Plus de heerlijke\u00a0<em><strong>zuccotto<\/strong><\/em>, een parfait-taartje gemaakt met room, cacao, en hazelnoten, geserveerd met een glaasje\u00a0<strong>Vin Santo<\/strong> (Toscaanse dessertwijn).<\/p>\n<p style=\"text-align: justify;\"><span style=\"color: #403c40;\">Tijdens iedere les maken we een complete maaltijd met 5-6 (soms meer!) gerechten: zeer verschillende Italiaanse keukens met al hun rijkdom aan smaken en variaties.<\/span><\/p>\n<p style=\"text-align: justify;\"><span style=\"color: #403c40;\"><strong>WAAR<\/strong>: de kooklessen\u00a0<span style=\"caret-color: #403c40;\">worden<\/span>\u00a0gegeven in onze kookstudio aan de Warmondstraat 180 in Amsterdam.<\/span><\/p>\n<p><strong>De prijs voor deze cursus is<\/strong><strong>\u00a0<\/strong><strong>\u20ac 425,00<\/strong> all-in (incl. Prosecco, wijn- en drankenarrangement, recepten voor thuis, <strong>ex. Fareharbor boekingstarief)<\/strong>.<br \/>\n<span style=\"color: #403c40;\"> Deze combinatie van lessen <strong>als cadeau geven<\/strong> kan: <span style=\"text-decoration: underline;\"><a style=\"color: #403c40; text-decoration: underline;\" href=\"http:\/\/cucinadelsole.nl\/nl\/product\/de-streekgebonden-italiaanse-keuken\/\" target=\"_blank\" rel=\"noopener\"><strong>koop een cadeaubon<\/strong> <\/a><\/span>voor een 4-weekse cursus! Binnenkort nog meer 4-weekse cursussen. Blijf deze website checken voor data.<\/span><\/p>\n<p style=\"text-align: justify;\"><span style=\"color: #403c40;\">Als je op een bepaalde avond verhinderd bent het is mogelijk om iemand anders aan de kookles te laten deelnemen. Wil je dat a.j.b. van tevoren met La Cucina del Sole bespreken? Grazie!<\/span><\/p>\n<p><span style=\"color: #403c40;\">La Cucina del Sole behoudt zich het recht bij onvoldoende aanmeldingen de workshops\/cursussen te annuleren. Vooruitbetaalde bedragen worden dan per bankrekening teruggestort of blijven geldig voor een volgende cursus\/workshop.<\/span><\/p>\n<\/div>\n<\/div>\n<\/div>\n<\/div>\n<\/div><\/section><\/div>\n","protected":false},"excerpt":{"rendered":"","protected":false},"author":4,"featured_media":0,"parent":0,"menu_order":0,"comment_status":"closed","ping_status":"closed","template":"","meta":[],"yoast_head":"<!-- This site is optimized with the Yoast SEO plugin v19.7.2 - https:\/\/yoast.com\/wordpress\/plugins\/seo\/ -->\n<title>Kookcursus van 4 lessen De Streekgebonden Italiaanse Keuken - La Cucina del Sole<\/title>\n<meta name=\"description\" content=\"Iedere Italiaanse streek (we hebben er 20 in totaal) heeft zeer karakteristieke eetgewoontes, recepten en ingredi\u00ebnten. In onze culinaire reis door Itali\u00eb ontdekken we de keukens van de volgende regioni: Sicili\u00eb, Puglia, Toscane en Liguri\u00eb.\" \/>\n<meta name=\"robots\" content=\"index, follow, max-snippet:-1, max-image-preview:large, max-video-preview:-1\" \/>\n<link rel=\"canonical\" href=\"https:\/\/www.cucinadelsole.nl\/nl\/de-streekgebonden-italiaanse-keuken\/\" \/>\n<meta property=\"og:locale\" content=\"nl_NL\" \/>\n<meta property=\"og:type\" content=\"article\" \/>\n<meta property=\"og:title\" content=\"Kookcursus van 4 lessen De Streekgebonden Italiaanse Keuken - La Cucina del Sole\" \/>\n<meta property=\"og:description\" content=\"Iedere Italiaanse streek (we hebben er 20 in totaal) heeft zeer karakteristieke eetgewoontes, recepten en ingredi\u00ebnten. In onze culinaire reis door Itali\u00eb ontdekken we de keukens van de volgende regioni: Sicili\u00eb, Puglia, Toscane en Liguri\u00eb.\" \/>\n<meta property=\"og:url\" content=\"https:\/\/www.cucinadelsole.nl\/nl\/de-streekgebonden-italiaanse-keuken\/\" \/>\n<meta property=\"og:site_name\" content=\"La Cucina del Sole\" \/>\n<meta property=\"article:publisher\" content=\"https:\/\/www.facebook.com\/lacucinadelsole\/\" \/>\n<meta property=\"article:modified_time\" content=\"2025-02-23T16:38:52+00:00\" \/>\n<meta name=\"twitter:card\" content=\"summary\" \/>\n<meta name=\"twitter:site\" content=\"@LaCucinaDelSole\" \/>\n<meta name=\"twitter:label1\" content=\"Geschatte leestijd\" \/>\n\t<meta name=\"twitter:data1\" content=\"4 minuten\" \/>\n<script type=\"application\/ld+json\" class=\"yoast-schema-graph\">{\"@context\":\"https:\/\/schema.org\",\"@graph\":[{\"@type\":\"WebPage\",\"@id\":\"https:\/\/www.cucinadelsole.nl\/nl\/de-streekgebonden-italiaanse-keuken\/\",\"url\":\"https:\/\/www.cucinadelsole.nl\/nl\/de-streekgebonden-italiaanse-keuken\/\",\"name\":\"Kookcursus van 4 lessen De Streekgebonden Italiaanse Keuken - La Cucina del Sole\",\"isPartOf\":{\"@id\":\"https:\/\/www.cucinadelsole.nl\/nl\/#website\"},\"datePublished\":\"2016-05-06T11:34:06+00:00\",\"dateModified\":\"2025-02-23T16:38:52+00:00\",\"description\":\"Iedere Italiaanse streek (we hebben er 20 in totaal) heeft zeer karakteristieke eetgewoontes, recepten en ingredi\u00ebnten. In onze culinaire reis door Itali\u00eb ontdekken we de keukens van de volgende regioni: Sicili\u00eb, Puglia, Toscane en Liguri\u00eb.\",\"breadcrumb\":{\"@id\":\"https:\/\/www.cucinadelsole.nl\/nl\/de-streekgebonden-italiaanse-keuken\/#breadcrumb\"},\"inLanguage\":\"nl\",\"potentialAction\":[{\"@type\":\"ReadAction\",\"target\":[\"https:\/\/www.cucinadelsole.nl\/nl\/de-streekgebonden-italiaanse-keuken\/\"]}]},{\"@type\":\"BreadcrumbList\",\"@id\":\"https:\/\/www.cucinadelsole.nl\/nl\/de-streekgebonden-italiaanse-keuken\/#breadcrumb\",\"itemListElement\":[{\"@type\":\"ListItem\",\"position\":1,\"name\":\"Home\",\"item\":\"https:\/\/www.cucinadelsole.nl\/nl\/\"},{\"@type\":\"ListItem\",\"position\":2,\"name\":\"Kookcursus van 4 lessen De Streekgebonden Italiaanse Keuken\"}]},{\"@type\":\"WebSite\",\"@id\":\"https:\/\/www.cucinadelsole.nl\/nl\/#website\",\"url\":\"https:\/\/www.cucinadelsole.nl\/nl\/\",\"name\":\"La Cucina del Sole\",\"description\":\"Italiaanse kookschool\/Italian cooking school in Amsterdam\",\"publisher\":{\"@id\":\"https:\/\/www.cucinadelsole.nl\/nl\/#organization\"},\"potentialAction\":[{\"@type\":\"SearchAction\",\"target\":{\"@type\":\"EntryPoint\",\"urlTemplate\":\"https:\/\/www.cucinadelsole.nl\/nl\/?s={search_term_string}\"},\"query-input\":\"required name=search_term_string\"}],\"inLanguage\":\"nl\"},{\"@type\":\"Organization\",\"@id\":\"https:\/\/www.cucinadelsole.nl\/nl\/#organization\",\"name\":\"La Cucina del Sole\",\"url\":\"https:\/\/www.cucinadelsole.nl\/nl\/\",\"sameAs\":[\"http:\/\/nicolettacooks\",\"https:\/\/www.linkedin.com\/in\/nicolettatavella\/\",\"https:\/\/nl.pinterest.com\/lacucinadelsole\/\",\"https:\/\/www.google.com\/url?sa=t&amp;amp;amp;rct=j&amp;amp;amp;q&amp;amp;amp;esrc=s&amp;amp;amp;source=web&amp;amp;amp;cd=11&amp;amp;amp;cad=rja&amp;amp;amp;uact=8&amp;amp;amp;ved=2ahUKEwig9Jqenf3iAhWQh1wKHT4tCzAQFjAKegQIAhAB&amp;amp;amp;url=https:\/\/www.youtube.com\/user\/NicolettaTavella&amp;amp;amp;usg=AOvVaw3Q0pX7Y6WAzDVx4OISYpKH\",\"https:\/\/www.facebook.com\/lacucinadelsole\/\",\"https:\/\/twitter.com\/LaCucinaDelSole\"],\"logo\":{\"@type\":\"ImageObject\",\"inLanguage\":\"nl\",\"@id\":\"https:\/\/www.cucinadelsole.nl\/nl\/#\/schema\/logo\/image\/\",\"url\":\"https:\/\/www.cucinadelsole.nl\/wp-content\/uploads\/2016\/05\/LOGO-simple-Transparent-JPG-217x300-1.png\",\"contentUrl\":\"https:\/\/www.cucinadelsole.nl\/wp-content\/uploads\/2016\/05\/LOGO-simple-Transparent-JPG-217x300-1.png\",\"width\":217,\"height\":300,\"caption\":\"La Cucina del Sole\"},\"image\":{\"@id\":\"https:\/\/www.cucinadelsole.nl\/nl\/#\/schema\/logo\/image\/\"}}]}<\/script>\n<!-- \/ Yoast SEO plugin. -->","yoast_head_json":{"title":"Kookcursus van 4 lessen De Streekgebonden Italiaanse Keuken - La Cucina del Sole","description":"Iedere Italiaanse streek (we hebben er 20 in totaal) heeft zeer karakteristieke eetgewoontes, recepten en ingredi\u00ebnten. In onze culinaire reis door Itali\u00eb ontdekken we de keukens van de volgende regioni: Sicili\u00eb, Puglia, Toscane en Liguri\u00eb.","robots":{"index":"index","follow":"follow","max-snippet":"max-snippet:-1","max-image-preview":"max-image-preview:large","max-video-preview":"max-video-preview:-1"},"canonical":"https:\/\/www.cucinadelsole.nl\/nl\/de-streekgebonden-italiaanse-keuken\/","og_locale":"nl_NL","og_type":"article","og_title":"Kookcursus van 4 lessen De Streekgebonden Italiaanse Keuken - La Cucina del Sole","og_description":"Iedere Italiaanse streek (we hebben er 20 in totaal) heeft zeer karakteristieke eetgewoontes, recepten en ingredi\u00ebnten. In onze culinaire reis door Itali\u00eb ontdekken we de keukens van de volgende regioni: Sicili\u00eb, Puglia, Toscane en Liguri\u00eb.","og_url":"https:\/\/www.cucinadelsole.nl\/nl\/de-streekgebonden-italiaanse-keuken\/","og_site_name":"La Cucina del Sole","article_publisher":"https:\/\/www.facebook.com\/lacucinadelsole\/","article_modified_time":"2025-02-23T16:38:52+00:00","twitter_card":"summary","twitter_site":"@LaCucinaDelSole","twitter_misc":{"Geschatte leestijd":"4 minuten"},"schema":{"@context":"https:\/\/schema.org","@graph":[{"@type":"WebPage","@id":"https:\/\/www.cucinadelsole.nl\/nl\/de-streekgebonden-italiaanse-keuken\/","url":"https:\/\/www.cucinadelsole.nl\/nl\/de-streekgebonden-italiaanse-keuken\/","name":"Kookcursus van 4 lessen De Streekgebonden Italiaanse Keuken - La Cucina del Sole","isPartOf":{"@id":"https:\/\/www.cucinadelsole.nl\/nl\/#website"},"datePublished":"2016-05-06T11:34:06+00:00","dateModified":"2025-02-23T16:38:52+00:00","description":"Iedere Italiaanse streek (we hebben er 20 in totaal) heeft zeer karakteristieke eetgewoontes, recepten en ingredi\u00ebnten. In onze culinaire reis door Itali\u00eb ontdekken we de keukens van de volgende regioni: Sicili\u00eb, Puglia, Toscane en Liguri\u00eb.","breadcrumb":{"@id":"https:\/\/www.cucinadelsole.nl\/nl\/de-streekgebonden-italiaanse-keuken\/#breadcrumb"},"inLanguage":"nl","potentialAction":[{"@type":"ReadAction","target":["https:\/\/www.cucinadelsole.nl\/nl\/de-streekgebonden-italiaanse-keuken\/"]}]},{"@type":"BreadcrumbList","@id":"https:\/\/www.cucinadelsole.nl\/nl\/de-streekgebonden-italiaanse-keuken\/#breadcrumb","itemListElement":[{"@type":"ListItem","position":1,"name":"Home","item":"https:\/\/www.cucinadelsole.nl\/nl\/"},{"@type":"ListItem","position":2,"name":"Kookcursus van 4 lessen De Streekgebonden Italiaanse Keuken"}]},{"@type":"WebSite","@id":"https:\/\/www.cucinadelsole.nl\/nl\/#website","url":"https:\/\/www.cucinadelsole.nl\/nl\/","name":"La Cucina del Sole","description":"Italiaanse kookschool\/Italian cooking school in Amsterdam","publisher":{"@id":"https:\/\/www.cucinadelsole.nl\/nl\/#organization"},"potentialAction":[{"@type":"SearchAction","target":{"@type":"EntryPoint","urlTemplate":"https:\/\/www.cucinadelsole.nl\/nl\/?s={search_term_string}"},"query-input":"required name=search_term_string"}],"inLanguage":"nl"},{"@type":"Organization","@id":"https:\/\/www.cucinadelsole.nl\/nl\/#organization","name":"La Cucina del Sole","url":"https:\/\/www.cucinadelsole.nl\/nl\/","sameAs":["http:\/\/nicolettacooks","https:\/\/www.linkedin.com\/in\/nicolettatavella\/","https:\/\/nl.pinterest.com\/lacucinadelsole\/","https:\/\/www.google.com\/url?sa=t&amp;amp;amp;rct=j&amp;amp;amp;q&amp;amp;amp;esrc=s&amp;amp;amp;source=web&amp;amp;amp;cd=11&amp;amp;amp;cad=rja&amp;amp;amp;uact=8&amp;amp;amp;ved=2ahUKEwig9Jqenf3iAhWQh1wKHT4tCzAQFjAKegQIAhAB&amp;amp;amp;url=https:\/\/www.youtube.com\/user\/NicolettaTavella&amp;amp;amp;usg=AOvVaw3Q0pX7Y6WAzDVx4OISYpKH","https:\/\/www.facebook.com\/lacucinadelsole\/","https:\/\/twitter.com\/LaCucinaDelSole"],"logo":{"@type":"ImageObject","inLanguage":"nl","@id":"https:\/\/www.cucinadelsole.nl\/nl\/#\/schema\/logo\/image\/","url":"https:\/\/www.cucinadelsole.nl\/wp-content\/uploads\/2016\/05\/LOGO-simple-Transparent-JPG-217x300-1.png","contentUrl":"https:\/\/www.cucinadelsole.nl\/wp-content\/uploads\/2016\/05\/LOGO-simple-Transparent-JPG-217x300-1.png","width":217,"height":300,"caption":"La Cucina del Sole"},"image":{"@id":"https:\/\/www.cucinadelsole.nl\/nl\/#\/schema\/logo\/image\/"}}]}},"_links":{"self":[{"href":"https:\/\/www.cucinadelsole.nl\/nl\/wp-json\/wp\/v2\/pages\/2032"}],"collection":[{"href":"https:\/\/www.cucinadelsole.nl\/nl\/wp-json\/wp\/v2\/pages"}],"about":[{"href":"https:\/\/www.cucinadelsole.nl\/nl\/wp-json\/wp\/v2\/types\/page"}],"author":[{"embeddable":true,"href":"https:\/\/www.cucinadelsole.nl\/nl\/wp-json\/wp\/v2\/users\/4"}],"replies":[{"embeddable":true,"href":"https:\/\/www.cucinadelsole.nl\/nl\/wp-json\/wp\/v2\/comments?post=2032"}],"version-history":[{"count":84,"href":"https:\/\/www.cucinadelsole.nl\/nl\/wp-json\/wp\/v2\/pages\/2032\/revisions"}],"predecessor-version":[{"id":27185,"href":"https:\/\/www.cucinadelsole.nl\/nl\/wp-json\/wp\/v2\/pages\/2032\/revisions\/27185"}],"wp:attachment":[{"href":"https:\/\/www.cucinadelsole.nl\/nl\/wp-json\/wp\/v2\/media?parent=2032"}],"curies":[{"name":"wp","href":"https:\/\/api.w.org\/{rel}","templated":true}]}}